{"id":447,"date":"2021-05-13T17:55:06","date_gmt":"2021-05-13T17:55:06","guid":{"rendered":"https:\/\/abriendoconciencias.com\/tienda\/?post_type=product&#038;p=447"},"modified":"2022-01-05T03:09:09","modified_gmt":"2022-01-05T03:09:09","slug":"naara-beauty-drink","status":"publish","type":"product","link":"https:\/\/abriendoconciencias.com\/tienda\/es\/product\/naara-beauty-drink\/","title":{"rendered":"Na\u00e4ra Beauty Drink"},"content":{"rendered":"<p>Na\u00e4ra Beauty Drink es un suplemento alimenticio que combina 11.5 gramos de Col\u00e1geno doblemente hidrolizado con nutrientes que promueven la belleza, para ayudar a mantener el pelo, la piel y las u\u00f1as con un aspecto juvenil.<\/p>\n<p><iframe loading=\"lazy\" title=\"Na\u00e4ra Beauty Drink | Jeunesse LATAM | Home Boutique\" width=\"1020\" height=\"574\" src=\"https:\/\/www.youtube.com\/embed\/JpiqbPOYVlk?feature=oembed\" frameborder=\"0\" allow=\"accelerometer; autoplay; clipboard-write; encrypted-media; gyroscope; picture-in-picture\" allowfullscreen><\/iframe><\/p>\n","protected":false},"excerpt":{"rendered":"<p class=\"product-title\"><span class=\" cms cms-translation\" style=\"box-sizing: border-box;\" data-content=\"&lt;strong&gt;Na\u00e4ra Beauty Drink&lt;\/strong&gt; es un suplemento alimenticio que combina 11.5 gramos de&lt;b&gt; Col\u00e1geno&lt;\/b&gt; doblemente hidrolizado&amp;nbsp;con nutrientes que promueven la belleza, para ayudar a mantener el pelo, la piel y las u\u00f1as con un aspecto juvenil.\" data-name=\"section1Paragraph1\" data-state=\"naara-eu.product\"><strong>Na\u00e4ra Beauty Drink<\/strong>\u00a0es un suplemento alimenticio que combina 11.5 gramos de<b>\u00a0Col\u00e1geno<\/b> doblemente hidrolizado\u00a0con nutrientes que promueven la belleza, para ayudar a mantener el pelo, la piel y las u\u00f1as con un aspecto juvenil.<\/span><\/p>\n<div class=\"cxmmr5t8 oygrvhab hcukyx3x c1et5uql o9v6fnle ii04i59q\">\n<div dir=\"auto\">6 SUPERFRUTAS<\/div>\n<\/div>\n<div class=\"cxmmr5t8 oygrvhab hcukyx3x c1et5uql o9v6fnle ii04i59q\">\n<div dir=\"auto\">Baya de acai<\/div>\n<div dir=\"auto\">Ar\u00e1ndano azul<\/div>\n<div dir=\"auto\">Granada<\/div>\n<div dir=\"auto\">Cerezas<\/div>\n<div dir=\"auto\">Semillas de uva<\/div>\n<div dir=\"auto\">Acerola<\/div>\n<div dir=\"auto\">8 VITAMINAS, AMINO\u00c1CIDOS Y MINERALES<\/div>\n<\/div>\n<div class=\"cxmmr5t8 oygrvhab hcukyx3x c1et5uql o9v6fnle ii04i59q\">\n<div dir=\"auto\">Biotina (vitamina B7)<\/div>\n<div dir=\"auto\">Niacina (niacinamida)<\/div>\n<div dir=\"auto\">\u00c1cido pantot\u00e9nico<\/div>\n<div dir=\"auto\">Vitamina B6 (piridoxina HCl)<\/div>\n<div dir=\"auto\">Vitamina B12 (cianocobalamina)<\/div>\n<div dir=\"auto\">Vitamina C<\/div>\n<div dir=\"auto\">L-Ciste\u00edna<\/div>\n<div dir=\"auto\">Zinc<\/div>\n<\/div>\n<p>&nbsp;<\/p>\n","protected":false},"featured_media":484,"comment_status":"open","ping_status":"closed","template":"","meta":{"_monsterinsights_skip_tracking":false,"_monsterinsights_sitenote_active":false,"_monsterinsights_sitenote_note":"","_monsterinsights_sitenote_category":0},"yoast_head":"<!-- This site is optimized with the Yoast SEO plugin v20.8 - https:\/\/yoast.com\/wordpress\/plugins\/seo\/ -->\n<title>Na\u00e4ra Beauty Drink - Tienda Abriendoconciencias.com<\/title>\n<meta name=\"robots\" content=\"index, follow, max-snippet:-1, max-image-preview:large, max-video-preview:-1\" \/>\n<link rel=\"canonical\" href=\"https:\/\/abriendoconciencias.com\/tienda\/product\/naara-beauty-drink\/\" \/>\n<meta property=\"og:locale\" content=\"en_US\" \/>\n<meta property=\"og:type\" content=\"article\" \/>\n<meta property=\"og:title\" content=\"Na\u00e4ra Beauty Drink - Tienda Abriendoconciencias.com\" \/>\n<meta property=\"og:description\" content=\"Na\u00e4ra Beauty Drink\u00a0es un suplemento alimenticio que combina 11.5 gramos de\u00a0Col\u00e1geno doblemente hidrolizado\u00a0con nutrientes que promueven la belleza, para ayudar a mantener el pelo, la piel y las u\u00f1as con un aspecto juvenil.   6 SUPERFRUTAS   Baya de acai Ar\u00e1ndano azul Granada Cerezas Semillas de uva Acerola 8 VITAMINAS, AMINO\u00c1CIDOS Y MINERALES   Biotina (vitamina B7) Niacina (niacinamida) \u00c1cido pantot\u00e9nico Vitamina B6 (piridoxina HCl) Vitamina B12 (cianocobalamina) Vitamina C L-Ciste\u00edna Zinc  &nbsp;\" \/>\n<meta property=\"og:url\" content=\"https:\/\/abriendoconciencias.com\/tienda\/es\/product\/naara-beauty-drink\/\" \/>\n<meta property=\"og:site_name\" content=\"Tienda Abriendoconciencias.com\" \/>\n<meta property=\"article:publisher\" content=\"https:\/\/www.facebook.com\/abriendoconcienciascom\" \/>\n<meta property=\"article:modified_time\" content=\"2022-01-05T03:09:09+00:00\" \/>\n<meta property=\"og:image\" content=\"https:\/\/abriendoconciencias.com\/tienda\/wp-content\/uploads\/2021\/05\/naara-eu-product-500.png\" \/>\n\t<meta property=\"og:image:width\" content=\"500\" \/>\n\t<meta property=\"og:image:height\" content=\"500\" \/>\n\t<meta property=\"og:image:type\" content=\"image\/png\" \/>\n<meta name=\"twitter:card\" content=\"summary_large_image\" \/>\n<script type=\"application\/ld+json\" class=\"yoast-schema-graph\">{\"@context\":\"https:\/\/schema.org\",\"@graph\":[{\"@type\":\"WebPage\",\"@id\":\"https:\/\/abriendoconciencias.com\/tienda\/es\/product\/naara-beauty-drink\/\",\"url\":\"https:\/\/abriendoconciencias.com\/tienda\/es\/product\/naara-beauty-drink\/\",\"name\":\"Na\u00e4ra Beauty Drink - Tienda Abriendoconciencias.com\",\"isPartOf\":{\"@id\":\"https:\/\/abriendoconciencias.com\/tienda\/es\/#website\"},\"datePublished\":\"2021-05-13T17:55:06+00:00\",\"dateModified\":\"2022-01-05T03:09:09+00:00\",\"breadcrumb\":{\"@id\":\"https:\/\/abriendoconciencias.com\/tienda\/es\/product\/naara-beauty-drink\/#breadcrumb\"},\"inLanguage\":\"en-US\",\"potentialAction\":[{\"@type\":\"ReadAction\",\"target\":[\"https:\/\/abriendoconciencias.com\/tienda\/es\/product\/naara-beauty-drink\/\"]}]},{\"@type\":\"BreadcrumbList\",\"@id\":\"https:\/\/abriendoconciencias.com\/tienda\/es\/product\/naara-beauty-drink\/#breadcrumb\",\"itemListElement\":[{\"@type\":\"ListItem\",\"position\":1,\"name\":\"Home\",\"item\":\"https:\/\/abriendoconciencias.com\/tienda\/es\/\"},{\"@type\":\"ListItem\",\"position\":2,\"name\":\"Shop\",\"item\":\"https:\/\/abriendoconciencias.com\/tienda\/shop\/\"},{\"@type\":\"ListItem\",\"position\":3,\"name\":\"Na\u00e4ra Beauty Drink\"}]},{\"@type\":\"WebSite\",\"@id\":\"https:\/\/abriendoconciencias.com\/tienda\/es\/#website\",\"url\":\"https:\/\/abriendoconciencias.com\/tienda\/es\/\",\"name\":\"Tienda Abriendoconciencias.com\",\"description\":\"\",\"publisher\":{\"@id\":\"https:\/\/abriendoconciencias.com\/tienda\/es\/#organization\"},\"potentialAction\":[{\"@type\":\"SearchAction\",\"target\":{\"@type\":\"EntryPoint\",\"urlTemplate\":\"https:\/\/abriendoconciencias.com\/tienda\/es\/?s={search_term_string}\"},\"query-input\":\"required name=search_term_string\"}],\"inLanguage\":\"en-US\"},{\"@type\":\"Organization\",\"@id\":\"https:\/\/abriendoconciencias.com\/tienda\/es\/#organization\",\"name\":\"Portal AbriendoConciencias.com\",\"url\":\"https:\/\/abriendoconciencias.com\/tienda\/es\/\",\"logo\":{\"@type\":\"ImageObject\",\"inLanguage\":\"en-US\",\"@id\":\"https:\/\/abriendoconciencias.com\/tienda\/es\/#\/schema\/logo\/image\/\",\"url\":\"https:\/\/abriendoconciencias.com\/tienda\/wp-content\/uploads\/2021\/11\/logoflow.jpg\",\"contentUrl\":\"https:\/\/abriendoconciencias.com\/tienda\/wp-content\/uploads\/2021\/11\/logoflow.jpg\",\"width\":1800,\"height\":900,\"caption\":\"Portal AbriendoConciencias.com\"},\"image\":{\"@id\":\"https:\/\/abriendoconciencias.com\/tienda\/es\/#\/schema\/logo\/image\/\"},\"sameAs\":[\"https:\/\/www.facebook.com\/abriendoconcienciascom\",\"https:\/\/www.instagram.com\/abriendoconcienciascl\/\"]}]}<\/script>\n<!-- \/ Yoast SEO plugin. -->","yoast_head_json":{"title":"Na\u00e4ra Beauty Drink - Tienda Abriendoconciencias.com","robots":{"index":"index","follow":"follow","max-snippet":"max-snippet:-1","max-image-preview":"max-image-preview:large","max-video-preview":"max-video-preview:-1"},"canonical":"https:\/\/abriendoconciencias.com\/tienda\/product\/naara-beauty-drink\/","og_locale":"en_US","og_type":"article","og_title":"Na\u00e4ra Beauty Drink - Tienda Abriendoconciencias.com","og_description":"Na\u00e4ra Beauty Drink\u00a0es un suplemento alimenticio que combina 11.5 gramos de\u00a0Col\u00e1geno doblemente hidrolizado\u00a0con nutrientes que promueven la belleza, para ayudar a mantener el pelo, la piel y las u\u00f1as con un aspecto juvenil.   6 SUPERFRUTAS   Baya de acai Ar\u00e1ndano azul Granada Cerezas Semillas de uva Acerola 8 VITAMINAS, AMINO\u00c1CIDOS Y MINERALES   Biotina (vitamina B7) Niacina (niacinamida) \u00c1cido pantot\u00e9nico Vitamina B6 (piridoxina HCl) Vitamina B12 (cianocobalamina) Vitamina C L-Ciste\u00edna Zinc  &nbsp;","og_url":"https:\/\/abriendoconciencias.com\/tienda\/es\/product\/naara-beauty-drink\/","og_site_name":"Tienda Abriendoconciencias.com","article_publisher":"https:\/\/www.facebook.com\/abriendoconcienciascom","article_modified_time":"2022-01-05T03:09:09+00:00","og_image":[{"width":500,"height":500,"url":"https:\/\/abriendoconciencias.com\/tienda\/wp-content\/uploads\/2021\/05\/naara-eu-product-500.png","type":"image\/png"}],"twitter_card":"summary_large_image","schema":{"@context":"https:\/\/schema.org","@graph":[{"@type":"WebPage","@id":"https:\/\/abriendoconciencias.com\/tienda\/es\/product\/naara-beauty-drink\/","url":"https:\/\/abriendoconciencias.com\/tienda\/es\/product\/naara-beauty-drink\/","name":"Na\u00e4ra Beauty Drink - Tienda Abriendoconciencias.com","isPartOf":{"@id":"https:\/\/abriendoconciencias.com\/tienda\/es\/#website"},"datePublished":"2021-05-13T17:55:06+00:00","dateModified":"2022-01-05T03:09:09+00:00","breadcrumb":{"@id":"https:\/\/abriendoconciencias.com\/tienda\/es\/product\/naara-beauty-drink\/#breadcrumb"},"inLanguage":"en-US","potentialAction":[{"@type":"ReadAction","target":["https:\/\/abriendoconciencias.com\/tienda\/es\/product\/naara-beauty-drink\/"]}]},{"@type":"BreadcrumbList","@id":"https:\/\/abriendoconciencias.com\/tienda\/es\/product\/naara-beauty-drink\/#breadcrumb","itemListElement":[{"@type":"ListItem","position":1,"name":"Home","item":"https:\/\/abriendoconciencias.com\/tienda\/es\/"},{"@type":"ListItem","position":2,"name":"Shop","item":"https:\/\/abriendoconciencias.com\/tienda\/shop\/"},{"@type":"ListItem","position":3,"name":"Na\u00e4ra Beauty Drink"}]},{"@type":"WebSite","@id":"https:\/\/abriendoconciencias.com\/tienda\/es\/#website","url":"https:\/\/abriendoconciencias.com\/tienda\/es\/","name":"Tienda Abriendoconciencias.com","description":"","publisher":{"@id":"https:\/\/abriendoconciencias.com\/tienda\/es\/#organization"},"potentialAction":[{"@type":"SearchAction","target":{"@type":"EntryPoint","urlTemplate":"https:\/\/abriendoconciencias.com\/tienda\/es\/?s={search_term_string}"},"query-input":"required name=search_term_string"}],"inLanguage":"en-US"},{"@type":"Organization","@id":"https:\/\/abriendoconciencias.com\/tienda\/es\/#organization","name":"Portal AbriendoConciencias.com","url":"https:\/\/abriendoconciencias.com\/tienda\/es\/","logo":{"@type":"ImageObject","inLanguage":"en-US","@id":"https:\/\/abriendoconciencias.com\/tienda\/es\/#\/schema\/logo\/image\/","url":"https:\/\/abriendoconciencias.com\/tienda\/wp-content\/uploads\/2021\/11\/logoflow.jpg","contentUrl":"https:\/\/abriendoconciencias.com\/tienda\/wp-content\/uploads\/2021\/11\/logoflow.jpg","width":1800,"height":900,"caption":"Portal AbriendoConciencias.com"},"image":{"@id":"https:\/\/abriendoconciencias.com\/tienda\/es\/#\/schema\/logo\/image\/"},"sameAs":["https:\/\/www.facebook.com\/abriendoconcienciascom","https:\/\/www.instagram.com\/abriendoconcienciascl\/"]}]}},"_links":{"self":[{"href":"https:\/\/abriendoconciencias.com\/tienda\/wp-json\/wp\/v2\/product\/447"}],"collection":[{"href":"https:\/\/abriendoconciencias.com\/tienda\/wp-json\/wp\/v2\/product"}],"about":[{"href":"https:\/\/abriendoconciencias.com\/tienda\/wp-json\/wp\/v2\/types\/product"}],"replies":[{"embeddable":true,"href":"https:\/\/abriendoconciencias.com\/tienda\/wp-json\/wp\/v2\/comments?post=447"}],"wp:featuredmedia":[{"embeddable":true,"href":"https:\/\/abriendoconciencias.com\/tienda\/wp-json\/wp\/v2\/media\/484"}],"wp:attachment":[{"href":"https:\/\/abriendoconciencias.com\/tienda\/wp-json\/wp\/v2\/media?parent=447"}],"curies":[{"name":"wp","href":"https:\/\/api.w.org\/{rel}","templated":true}]}}