{"id":520,"date":"2021-12-31T15:18:26","date_gmt":"2021-12-31T15:18:26","guid":{"rendered":"https:\/\/abriendoconciencias.com\/tienda\/?post_type=product&#038;p=520"},"modified":"2022-01-06T15:26:17","modified_gmt":"2022-01-06T15:26:17","slug":"revitablu","status":"publish","type":"product","link":"https:\/\/abriendoconciencias.com\/tienda\/es\/product\/revitablu\/","title":{"rendered":"RevitaBl\u016b\u2122"},"content":{"rendered":"<p>RevitaBl\u016b, elaborado por un pionero en la investigaci\u00f3n de c\u00e9lulas madre, es una combinaci\u00f3n bot\u00e1nica de algas verdeazuladas, bayas de espino amarillo y aloe vera con agua de coco en polvo. Es una bebida refrescante que sabe igual de delicioso como funciona. Estos codiciados ingredientes son legendarios en su estado puro, pero al combinarse en nuestra f\u00f3rmula patentada de RevitaBl\u016b hidratan de manera m\u00e1s eficaz y fortalecen los sistemas del organismo. A medida que vayas descubriendo los incre\u00edbles beneficios de estos preciados ingredientes, no te quedar\u00e1 ninguna duda de que RevitaBl\u016b ser\u00e1 el producto preferido de tu vida y tu estilo de vida. Revital\u00edzate y renu\u00e9vate con RevitaBl\u016b.<\/p>\n","protected":false},"excerpt":{"rendered":"<div class=\"col-xs-12 col-sm-4\">\n<div class=\"media-container cms-image \"><img decoding=\"async\" class=\"fade fade-in\" src=\"https:\/\/d2dqksvx8j00ig.cloudfront.net\/JFront\/Default\/revitablu\/revitablu-green-algae.jpg\" alt=\"Jeunesse Global Revitablu Supplement\" data-name=\"revitabluIngredient1\" \/><\/div>\n<h3><span class=\" cms cms-translation\" style=\"box-sizing: border-box;\" data-content=\"&lt;strong&gt;Algas verdeazuladas &lt;\/strong&gt;\" data-name=\"section2Header1\" data-state=\"revitablu\"><strong>Algas verdeazuladas<\/strong><\/span><\/h3>\n<p><span class=\" cms cms-translation\" data-content=\"Las algas verdeazuladas proceden de las aguas v\u00edrgenes del lago Upper Klamath de Oreg\u00f3n y son famosas por ser uno de los alimentos m\u00e1s ricos en nutrientes del planeta.\" data-name=\"section2Paragraph1\" data-state=\"revitablu\">Las algas verdeazuladas proceden de las aguas v\u00edrgenes del lago Upper Klamath de Oreg\u00f3n y son famosas por ser uno de los alimentos m\u00e1s ricos en nutrientes del planeta.<\/span><\/div>\n<div class=\"col-xs-12 col-sm-4\">\n<div class=\"media-container cms-image \"><img decoding=\"async\" class=\"fade fade-in\" src=\"https:\/\/d2dqksvx8j00ig.cloudfront.net\/JFront\/Default\/revitablu\/revitablu-sea-buckthorn-berries.jpg\" alt=\"Jeunesse Global Revitablu Supplement\" data-name=\"revitabluIngredient2\" \/><\/div>\n<h3><span class=\" cms cms-translation\" style=\"box-sizing: border-box;\" data-content=\"&lt;strong&gt;Bayas de espino amarillo &lt;\/strong&gt;\" data-name=\"section2Header2\" data-state=\"revitablu\"><strong>Bayas de espino amarillo<\/strong><\/span><\/h3>\n<p><span class=\" cms cms-translation\" data-content=\"Originario de la meseta tibetana, el espino amarillo contiene una baya \u00e1cida de color anaranjado que se ha estado utilizando por m\u00e1s de 1300 a\u00f1os.\" data-name=\"section2Paragraph2\" data-state=\"revitablu\">Originario de la meseta tibetana, el espino amarillo contiene una baya \u00e1cida de color anaranjado que se ha estado utilizando por m\u00e1s de 1300 a\u00f1os.<\/span><\/div>\n<div class=\"col-xs-12 col-sm-4\">\n<div class=\"media-container cms-image \"><img decoding=\"async\" class=\"fade fade-in\" src=\"https:\/\/d2dqksvx8j00ig.cloudfront.net\/JFront\/Default\/revitablu\/revitablu-aloe.jpg\" alt=\"Jeunesse Global Revitablu Supplement\" data-name=\"revitabluIngredient3\" \/><\/div>\n<h3><span class=\" cms cms-translation\" style=\"box-sizing: border-box;\" data-content=\"&lt;strong&gt;Aloe vera &lt;\/strong&gt;\" data-name=\"section2Header3\" data-state=\"revitablu\"><strong>Aloe vera<\/strong><\/span><\/h3>\n<p><span class=\" cms cms-translation\" data-content=\"El aloe vera, que crece en los climas tropicales por todo el mundo, se ha estado utilizando durante casi 6000 a\u00f1os por los beneficios que aporta a la salud.\" data-name=\"section2Paragraph3\" data-state=\"revitablu\">El aloe vera, que crece en los climas tropicales por todo el mundo, se ha estado utilizando durante casi 6000 a\u00f1os por los beneficios que aporta a la salud.<\/span><\/div>\n<div><\/div>\n<div>\n<div id=\"accordiongroup-18-731-tab\" class=\"panel-heading\" role=\"tab\" aria-selected=\"true\">\n<h4 class=\"panel-title\"><span class=\"ng-binding\"><span class=\"ng-scope\">BENEFICIOS<\/span><\/span><\/h4>\n<\/div>\n<div id=\"accordiongroup-18-731-panel\" class=\"panel-collapse in collapse\" role=\"tabpanel\" aria-labelledby=\"accordiongroup-18-731-tab\" aria-hidden=\"false\" aria-expanded=\"true\">\n<div class=\"panel-body\"><span class=\"ng-binding ng-scope\">&#8211; Elaborado por un pionero en la investigaci\u00f3n de c\u00e9lulas madre<br \/>\n&#8211; F\u00f3rmula patentada con ingredientes de origen vegetal<br \/>\n&#8211; Apoya el sistema inmunitario<\/span><\/div>\n<div class=\"panel-body\"><span class=\"ng-binding ng-scope\">&#8211; Ayuda a eliminar los metales pesados<br \/>\n&#8211; Sobres individuales que son f\u00e1ciles de compartir<\/span><\/div>\n<\/div>\n<\/div>\n","protected":false},"featured_media":521,"comment_status":"open","ping_status":"closed","template":"","meta":{"_monsterinsights_skip_tracking":false,"_monsterinsights_sitenote_active":false,"_monsterinsights_sitenote_note":"","_monsterinsights_sitenote_category":0},"yoast_head":"<!-- This site is optimized with the Yoast SEO plugin v20.8 - https:\/\/yoast.com\/wordpress\/plugins\/seo\/ -->\n<title>RevitaBl\u016b\u2122 - Tienda Abriendoconciencias.com<\/title>\n<meta name=\"robots\" content=\"index, follow, max-snippet:-1, max-image-preview:large, max-video-preview:-1\" \/>\n<link rel=\"canonical\" href=\"https:\/\/abriendoconciencias.com\/tienda\/product\/revitablu\/\" \/>\n<meta property=\"og:locale\" content=\"en_US\" \/>\n<meta property=\"og:type\" content=\"article\" \/>\n<meta property=\"og:title\" content=\"RevitaBl\u016b\u2122 - Tienda Abriendoconciencias.com\" \/>\n<meta property=\"og:description\" content=\"Algas verdeazuladas Las algas verdeazuladas proceden de las aguas v\u00edrgenes del lago Upper Klamath de Oreg\u00f3n y son famosas por ser uno de los alimentos m\u00e1s ricos en nutrientes del planeta.   Bayas de espino amarillo Originario de la meseta tibetana, el espino amarillo contiene una baya \u00e1cida de color anaranjado que se ha estado utilizando por m\u00e1s de 1300 a\u00f1os.   Aloe vera El aloe vera, que crece en los climas tropicales por todo el mundo, se ha estado utilizando durante casi 6000 a\u00f1os por los beneficios que aporta a la salud.    BENEFICIOS   - Elaborado por un pionero en la investigaci\u00f3n de c\u00e9lulas madre - F\u00f3rmula patentada con ingredientes de origen vegetal - Apoya el sistema inmunitario - Ayuda a eliminar los metales pesados - Sobres individuales que son f\u00e1ciles de compartir\" \/>\n<meta property=\"og:url\" content=\"https:\/\/abriendoconciencias.com\/tienda\/es\/product\/revitablu\/\" \/>\n<meta property=\"og:site_name\" content=\"Tienda Abriendoconciencias.com\" \/>\n<meta property=\"article:publisher\" content=\"https:\/\/www.facebook.com\/abriendoconcienciascom\" \/>\n<meta property=\"article:modified_time\" content=\"2022-01-06T15:26:17+00:00\" \/>\n<meta property=\"og:image\" content=\"https:\/\/abriendoconciencias.com\/tienda\/wp-content\/uploads\/2021\/12\/revitablu-package.png\" \/>\n\t<meta property=\"og:image:width\" content=\"500\" \/>\n\t<meta property=\"og:image:height\" content=\"500\" \/>\n\t<meta property=\"og:image:type\" content=\"image\/png\" \/>\n<meta name=\"twitter:card\" content=\"summary_large_image\" \/>\n<meta name=\"twitter:label1\" content=\"Est. reading time\" \/>\n\t<meta name=\"twitter:data1\" content=\"1 minute\" \/>\n<script type=\"application\/ld+json\" class=\"yoast-schema-graph\">{\"@context\":\"https:\/\/schema.org\",\"@graph\":[{\"@type\":\"WebPage\",\"@id\":\"https:\/\/abriendoconciencias.com\/tienda\/es\/product\/revitablu\/\",\"url\":\"https:\/\/abriendoconciencias.com\/tienda\/es\/product\/revitablu\/\",\"name\":\"RevitaBl\u016b\u2122 - Tienda Abriendoconciencias.com\",\"isPartOf\":{\"@id\":\"https:\/\/abriendoconciencias.com\/tienda\/es\/#website\"},\"datePublished\":\"2021-12-31T15:18:26+00:00\",\"dateModified\":\"2022-01-06T15:26:17+00:00\",\"breadcrumb\":{\"@id\":\"https:\/\/abriendoconciencias.com\/tienda\/es\/product\/revitablu\/#breadcrumb\"},\"inLanguage\":\"en-US\",\"potentialAction\":[{\"@type\":\"ReadAction\",\"target\":[\"https:\/\/abriendoconciencias.com\/tienda\/es\/product\/revitablu\/\"]}]},{\"@type\":\"BreadcrumbList\",\"@id\":\"https:\/\/abriendoconciencias.com\/tienda\/es\/product\/revitablu\/#breadcrumb\",\"itemListElement\":[{\"@type\":\"ListItem\",\"position\":1,\"name\":\"Home\",\"item\":\"https:\/\/abriendoconciencias.com\/tienda\/es\/\"},{\"@type\":\"ListItem\",\"position\":2,\"name\":\"Shop\",\"item\":\"https:\/\/abriendoconciencias.com\/tienda\/shop\/\"},{\"@type\":\"ListItem\",\"position\":3,\"name\":\"RevitaBl\u016b\u2122\"}]},{\"@type\":\"WebSite\",\"@id\":\"https:\/\/abriendoconciencias.com\/tienda\/es\/#website\",\"url\":\"https:\/\/abriendoconciencias.com\/tienda\/es\/\",\"name\":\"Tienda Abriendoconciencias.com\",\"description\":\"\",\"publisher\":{\"@id\":\"https:\/\/abriendoconciencias.com\/tienda\/es\/#organization\"},\"potentialAction\":[{\"@type\":\"SearchAction\",\"target\":{\"@type\":\"EntryPoint\",\"urlTemplate\":\"https:\/\/abriendoconciencias.com\/tienda\/es\/?s={search_term_string}\"},\"query-input\":\"required name=search_term_string\"}],\"inLanguage\":\"en-US\"},{\"@type\":\"Organization\",\"@id\":\"https:\/\/abriendoconciencias.com\/tienda\/es\/#organization\",\"name\":\"Portal AbriendoConciencias.com\",\"url\":\"https:\/\/abriendoconciencias.com\/tienda\/es\/\",\"logo\":{\"@type\":\"ImageObject\",\"inLanguage\":\"en-US\",\"@id\":\"https:\/\/abriendoconciencias.com\/tienda\/es\/#\/schema\/logo\/image\/\",\"url\":\"https:\/\/abriendoconciencias.com\/tienda\/wp-content\/uploads\/2021\/11\/logoflow.jpg\",\"contentUrl\":\"https:\/\/abriendoconciencias.com\/tienda\/wp-content\/uploads\/2021\/11\/logoflow.jpg\",\"width\":1800,\"height\":900,\"caption\":\"Portal AbriendoConciencias.com\"},\"image\":{\"@id\":\"https:\/\/abriendoconciencias.com\/tienda\/es\/#\/schema\/logo\/image\/\"},\"sameAs\":[\"https:\/\/www.facebook.com\/abriendoconcienciascom\",\"https:\/\/www.instagram.com\/abriendoconcienciascl\/\"]}]}<\/script>\n<!-- \/ Yoast SEO plugin. -->","yoast_head_json":{"title":"RevitaBl\u016b\u2122 - Tienda Abriendoconciencias.com","robots":{"index":"index","follow":"follow","max-snippet":"max-snippet:-1","max-image-preview":"max-image-preview:large","max-video-preview":"max-video-preview:-1"},"canonical":"https:\/\/abriendoconciencias.com\/tienda\/product\/revitablu\/","og_locale":"en_US","og_type":"article","og_title":"RevitaBl\u016b\u2122 - Tienda Abriendoconciencias.com","og_description":"Algas verdeazuladas Las algas verdeazuladas proceden de las aguas v\u00edrgenes del lago Upper Klamath de Oreg\u00f3n y son famosas por ser uno de los alimentos m\u00e1s ricos en nutrientes del planeta.   Bayas de espino amarillo Originario de la meseta tibetana, el espino amarillo contiene una baya \u00e1cida de color anaranjado que se ha estado utilizando por m\u00e1s de 1300 a\u00f1os.   Aloe vera El aloe vera, que crece en los climas tropicales por todo el mundo, se ha estado utilizando durante casi 6000 a\u00f1os por los beneficios que aporta a la salud.    BENEFICIOS   - Elaborado por un pionero en la investigaci\u00f3n de c\u00e9lulas madre - F\u00f3rmula patentada con ingredientes de origen vegetal - Apoya el sistema inmunitario - Ayuda a eliminar los metales pesados - Sobres individuales que son f\u00e1ciles de compartir","og_url":"https:\/\/abriendoconciencias.com\/tienda\/es\/product\/revitablu\/","og_site_name":"Tienda Abriendoconciencias.com","article_publisher":"https:\/\/www.facebook.com\/abriendoconcienciascom","article_modified_time":"2022-01-06T15:26:17+00:00","og_image":[{"width":500,"height":500,"url":"https:\/\/abriendoconciencias.com\/tienda\/wp-content\/uploads\/2021\/12\/revitablu-package.png","type":"image\/png"}],"twitter_card":"summary_large_image","twitter_misc":{"Est. reading time":"1 minute"},"schema":{"@context":"https:\/\/schema.org","@graph":[{"@type":"WebPage","@id":"https:\/\/abriendoconciencias.com\/tienda\/es\/product\/revitablu\/","url":"https:\/\/abriendoconciencias.com\/tienda\/es\/product\/revitablu\/","name":"RevitaBl\u016b\u2122 - Tienda Abriendoconciencias.com","isPartOf":{"@id":"https:\/\/abriendoconciencias.com\/tienda\/es\/#website"},"datePublished":"2021-12-31T15:18:26+00:00","dateModified":"2022-01-06T15:26:17+00:00","breadcrumb":{"@id":"https:\/\/abriendoconciencias.com\/tienda\/es\/product\/revitablu\/#breadcrumb"},"inLanguage":"en-US","potentialAction":[{"@type":"ReadAction","target":["https:\/\/abriendoconciencias.com\/tienda\/es\/product\/revitablu\/"]}]},{"@type":"BreadcrumbList","@id":"https:\/\/abriendoconciencias.com\/tienda\/es\/product\/revitablu\/#breadcrumb","itemListElement":[{"@type":"ListItem","position":1,"name":"Home","item":"https:\/\/abriendoconciencias.com\/tienda\/es\/"},{"@type":"ListItem","position":2,"name":"Shop","item":"https:\/\/abriendoconciencias.com\/tienda\/shop\/"},{"@type":"ListItem","position":3,"name":"RevitaBl\u016b\u2122"}]},{"@type":"WebSite","@id":"https:\/\/abriendoconciencias.com\/tienda\/es\/#website","url":"https:\/\/abriendoconciencias.com\/tienda\/es\/","name":"Tienda Abriendoconciencias.com","description":"","publisher":{"@id":"https:\/\/abriendoconciencias.com\/tienda\/es\/#organization"},"potentialAction":[{"@type":"SearchAction","target":{"@type":"EntryPoint","urlTemplate":"https:\/\/abriendoconciencias.com\/tienda\/es\/?s={search_term_string}"},"query-input":"required name=search_term_string"}],"inLanguage":"en-US"},{"@type":"Organization","@id":"https:\/\/abriendoconciencias.com\/tienda\/es\/#organization","name":"Portal AbriendoConciencias.com","url":"https:\/\/abriendoconciencias.com\/tienda\/es\/","logo":{"@type":"ImageObject","inLanguage":"en-US","@id":"https:\/\/abriendoconciencias.com\/tienda\/es\/#\/schema\/logo\/image\/","url":"https:\/\/abriendoconciencias.com\/tienda\/wp-content\/uploads\/2021\/11\/logoflow.jpg","contentUrl":"https:\/\/abriendoconciencias.com\/tienda\/wp-content\/uploads\/2021\/11\/logoflow.jpg","width":1800,"height":900,"caption":"Portal AbriendoConciencias.com"},"image":{"@id":"https:\/\/abriendoconciencias.com\/tienda\/es\/#\/schema\/logo\/image\/"},"sameAs":["https:\/\/www.facebook.com\/abriendoconcienciascom","https:\/\/www.instagram.com\/abriendoconcienciascl\/"]}]}},"_links":{"self":[{"href":"https:\/\/abriendoconciencias.com\/tienda\/wp-json\/wp\/v2\/product\/520"}],"collection":[{"href":"https:\/\/abriendoconciencias.com\/tienda\/wp-json\/wp\/v2\/product"}],"about":[{"href":"https:\/\/abriendoconciencias.com\/tienda\/wp-json\/wp\/v2\/types\/product"}],"replies":[{"embeddable":true,"href":"https:\/\/abriendoconciencias.com\/tienda\/wp-json\/wp\/v2\/comments?post=520"}],"wp:featuredmedia":[{"embeddable":true,"href":"https:\/\/abriendoconciencias.com\/tienda\/wp-json\/wp\/v2\/media\/521"}],"wp:attachment":[{"href":"https:\/\/abriendoconciencias.com\/tienda\/wp-json\/wp\/v2\/media?parent=520"}],"curies":[{"name":"wp","href":"https:\/\/api.w.org\/{rel}","templated":true}]}}