{"id":523,"date":"2021-12-31T15:23:42","date_gmt":"2021-12-31T15:23:42","guid":{"rendered":"https:\/\/abriendoconciencias.com\/tienda\/?post_type=product&#038;p=523"},"modified":"2022-01-06T15:21:40","modified_gmt":"2022-01-06T15:21:40","slug":"restore-speed-whitening-nano-repair","status":"publish","type":"product","link":"https:\/\/abriendoconciencias.com\/tienda\/es\/product\/restore-speed-whitening-nano-repair\/","title":{"rendered":"Restore Speed Whitening Nano Repair"},"content":{"rendered":"<p>Restore Speed Whitening Nano Repair contiene nanopart\u00edculas de hidroxiapatita, exclusiva de Jeunesse\u2122, que ayuda a remineralizar el esmalte con la misma sustancia con el que est\u00e1 formado. El xilitol y el aceite de \u00e1rbol de t\u00e9 ayudan a prevenir las caries al inhibir el crecimiento de bacterias. La f\u00f3rmula \u00fanica de Restore Speed Whitening Nano Repair elimina suavemente las manchas de la superficie para una sonrisa notablemente m\u00e1s blanca y de aspecto m\u00e1s joven.<\/p>\n<p>VOLUMEN: 90 g, 1 tubo<\/p>\n","protected":false},"excerpt":{"rendered":"<p>Beneficios:<\/p>\n<p>&nbsp;<\/p>\n<p>1.Ayuda a remineralizar el esmalte dental<br \/>\n2.Ayuda a prevenir las caries<br \/>\n3.Ayuda a blanquear los dientes<br \/>\n4.Refresca el aliento<br \/>\n5.Ayuda a proteger el esmalte dental<br \/>\n6.Ayuda a prevenir la acumulaci\u00f3n de placa<br \/>\n7.Ayuda a reducir el grosor y el enrojecimiento de las enc\u00edas<br \/>\n8.Promueve una limpieza profunda<br \/>\n9.Ayuda a proteger las \u00e1reas de dif\u00edcil acceso en la cavidad oral<br \/>\n10.Ayuda a preservar el estado de los implantes y restauraciones<br \/>\n11.Contiene vitamina E<br \/>\n12.No contiene gluten<br \/>\n13.No contiene fl\u00faor<br \/>\n14.Endulzado con xilitol<br \/>\n15.Sin colores, sabores ni edulcorantes artificiales<\/p>\n<p>&nbsp;<\/p>\n<p>Ingredientes:<\/p>\n<p>&nbsp;<\/p>\n<p>INGREDIENTES: Glicerina, s\u00edlice hidratada, sulfato de lauril s\u00f3dico, goma de celulosa, xilitol, extracto de tallo de la flor Melaleuca alternifolia (\u00e1rbol de t\u00e9), sacarina s\u00f3dica, aroma, metilparabeno, propilparabeno, citrato de potasio, CI 74260, hidroxiapatita, agua.<\/p>\n<p>&nbsp;<\/p>\n<p>INSTRUCCIONES DE USO: Cep\u00edllese los dientes, por lo menos, dos veces al d\u00eda. Visite a su dentista regularmente.<\/p>\n<p>Precauciones: Mant\u00e9ngalo fuera del alcance de los ni\u00f1os. Los dientes sensibles pueden ser un indicativo de un problema grave que requiere la supervisi\u00f3n de un odont\u00f3logo. Los s\u00edntomas no desaparecer\u00e1n durante las primeras cuatro semanas de uso. En caso de una reacci\u00f3n adversa, consulte a un especialista inmediatamente. Evite la ingesta del producto.<\/p>\n","protected":false},"featured_media":524,"comment_status":"open","ping_status":"closed","template":"","meta":{"_monsterinsights_skip_tracking":false,"_monsterinsights_sitenote_active":false,"_monsterinsights_sitenote_note":"","_monsterinsights_sitenote_category":0},"yoast_head":"<!-- This site is optimized with the Yoast SEO plugin v20.8 - https:\/\/yoast.com\/wordpress\/plugins\/seo\/ -->\n<title>Restore Speed Whitening Nano Repair - Tienda Abriendoconciencias.com<\/title>\n<meta name=\"robots\" content=\"index, follow, max-snippet:-1, max-image-preview:large, max-video-preview:-1\" \/>\n<link rel=\"canonical\" href=\"https:\/\/abriendoconciencias.com\/tienda\/product\/restore-speed-whitening-nano-repair\/\" \/>\n<meta property=\"og:locale\" content=\"en_US\" \/>\n<meta property=\"og:type\" content=\"article\" \/>\n<meta property=\"og:title\" content=\"Restore Speed Whitening Nano Repair - Tienda Abriendoconciencias.com\" \/>\n<meta property=\"og:description\" content=\"Beneficios:  &nbsp;  1.Ayuda a remineralizar el esmalte dental 2.Ayuda a prevenir las caries 3.Ayuda a blanquear los dientes 4.Refresca el aliento 5.Ayuda a proteger el esmalte dental 6.Ayuda a prevenir la acumulaci\u00f3n de placa 7.Ayuda a reducir el grosor y el enrojecimiento de las enc\u00edas 8.Promueve una limpieza profunda 9.Ayuda a proteger las \u00e1reas de dif\u00edcil acceso en la cavidad oral 10.Ayuda a preservar el estado de los implantes y restauraciones 11.Contiene vitamina E 12.No contiene gluten 13.No contiene fl\u00faor 14.Endulzado con xilitol 15.Sin colores, sabores ni edulcorantes artificiales  &nbsp;  Ingredientes:  &nbsp;  INGREDIENTES: Glicerina, s\u00edlice hidratada, sulfato de lauril s\u00f3dico, goma de celulosa, xilitol, extracto de tallo de la flor Melaleuca alternifolia (\u00e1rbol de t\u00e9), sacarina s\u00f3dica, aroma, metilparabeno, propilparabeno, citrato de potasio, CI 74260, hidroxiapatita, agua.  &nbsp;  INSTRUCCIONES DE USO: Cep\u00edllese los dientes, por lo menos, dos veces al d\u00eda. Visite a su dentista regularmente.  Precauciones: Mant\u00e9ngalo fuera del alcance de los ni\u00f1os. Los dientes sensibles pueden ser un indicativo de un problema grave que requiere la supervisi\u00f3n de un odont\u00f3logo. Los s\u00edntomas no desaparecer\u00e1n durante las primeras cuatro semanas de uso. En caso de una reacci\u00f3n adversa, consulte a un especialista inmediatamente. Evite la ingesta del producto.\" \/>\n<meta property=\"og:url\" content=\"https:\/\/abriendoconciencias.com\/tienda\/es\/product\/restore-speed-whitening-nano-repair\/\" \/>\n<meta property=\"og:site_name\" content=\"Tienda Abriendoconciencias.com\" \/>\n<meta property=\"article:publisher\" content=\"https:\/\/www.facebook.com\/abriendoconcienciascom\" \/>\n<meta property=\"article:modified_time\" content=\"2022-01-06T15:21:40+00:00\" \/>\n<meta property=\"og:image\" content=\"https:\/\/abriendoconciencias.com\/tienda\/wp-content\/uploads\/2021\/12\/restore.jpg\" \/>\n\t<meta property=\"og:image:width\" content=\"414\" \/>\n\t<meta property=\"og:image:height\" content=\"686\" \/>\n\t<meta property=\"og:image:type\" content=\"image\/jpeg\" \/>\n<meta name=\"twitter:card\" content=\"summary_large_image\" \/>\n<script type=\"application\/ld+json\" class=\"yoast-schema-graph\">{\"@context\":\"https:\/\/schema.org\",\"@graph\":[{\"@type\":\"WebPage\",\"@id\":\"https:\/\/abriendoconciencias.com\/tienda\/es\/product\/restore-speed-whitening-nano-repair\/\",\"url\":\"https:\/\/abriendoconciencias.com\/tienda\/es\/product\/restore-speed-whitening-nano-repair\/\",\"name\":\"Restore Speed Whitening Nano Repair - Tienda Abriendoconciencias.com\",\"isPartOf\":{\"@id\":\"https:\/\/abriendoconciencias.com\/tienda\/es\/#website\"},\"datePublished\":\"2021-12-31T15:23:42+00:00\",\"dateModified\":\"2022-01-06T15:21:40+00:00\",\"breadcrumb\":{\"@id\":\"https:\/\/abriendoconciencias.com\/tienda\/es\/product\/restore-speed-whitening-nano-repair\/#breadcrumb\"},\"inLanguage\":\"en-US\",\"potentialAction\":[{\"@type\":\"ReadAction\",\"target\":[\"https:\/\/abriendoconciencias.com\/tienda\/es\/product\/restore-speed-whitening-nano-repair\/\"]}]},{\"@type\":\"BreadcrumbList\",\"@id\":\"https:\/\/abriendoconciencias.com\/tienda\/es\/product\/restore-speed-whitening-nano-repair\/#breadcrumb\",\"itemListElement\":[{\"@type\":\"ListItem\",\"position\":1,\"name\":\"Home\",\"item\":\"https:\/\/abriendoconciencias.com\/tienda\/es\/\"},{\"@type\":\"ListItem\",\"position\":2,\"name\":\"Shop\",\"item\":\"https:\/\/abriendoconciencias.com\/tienda\/shop\/\"},{\"@type\":\"ListItem\",\"position\":3,\"name\":\"Restore Speed Whitening Nano Repair\"}]},{\"@type\":\"WebSite\",\"@id\":\"https:\/\/abriendoconciencias.com\/tienda\/es\/#website\",\"url\":\"https:\/\/abriendoconciencias.com\/tienda\/es\/\",\"name\":\"Tienda Abriendoconciencias.com\",\"description\":\"\",\"publisher\":{\"@id\":\"https:\/\/abriendoconciencias.com\/tienda\/es\/#organization\"},\"potentialAction\":[{\"@type\":\"SearchAction\",\"target\":{\"@type\":\"EntryPoint\",\"urlTemplate\":\"https:\/\/abriendoconciencias.com\/tienda\/es\/?s={search_term_string}\"},\"query-input\":\"required name=search_term_string\"}],\"inLanguage\":\"en-US\"},{\"@type\":\"Organization\",\"@id\":\"https:\/\/abriendoconciencias.com\/tienda\/es\/#organization\",\"name\":\"Portal AbriendoConciencias.com\",\"url\":\"https:\/\/abriendoconciencias.com\/tienda\/es\/\",\"logo\":{\"@type\":\"ImageObject\",\"inLanguage\":\"en-US\",\"@id\":\"https:\/\/abriendoconciencias.com\/tienda\/es\/#\/schema\/logo\/image\/\",\"url\":\"https:\/\/abriendoconciencias.com\/tienda\/wp-content\/uploads\/2021\/11\/logoflow.jpg\",\"contentUrl\":\"https:\/\/abriendoconciencias.com\/tienda\/wp-content\/uploads\/2021\/11\/logoflow.jpg\",\"width\":1800,\"height\":900,\"caption\":\"Portal AbriendoConciencias.com\"},\"image\":{\"@id\":\"https:\/\/abriendoconciencias.com\/tienda\/es\/#\/schema\/logo\/image\/\"},\"sameAs\":[\"https:\/\/www.facebook.com\/abriendoconcienciascom\",\"https:\/\/www.instagram.com\/abriendoconcienciascl\/\"]}]}<\/script>\n<!-- \/ Yoast SEO plugin. -->","yoast_head_json":{"title":"Restore Speed Whitening Nano Repair - Tienda Abriendoconciencias.com","robots":{"index":"index","follow":"follow","max-snippet":"max-snippet:-1","max-image-preview":"max-image-preview:large","max-video-preview":"max-video-preview:-1"},"canonical":"https:\/\/abriendoconciencias.com\/tienda\/product\/restore-speed-whitening-nano-repair\/","og_locale":"en_US","og_type":"article","og_title":"Restore Speed Whitening Nano Repair - Tienda Abriendoconciencias.com","og_description":"Beneficios:  &nbsp;  1.Ayuda a remineralizar el esmalte dental 2.Ayuda a prevenir las caries 3.Ayuda a blanquear los dientes 4.Refresca el aliento 5.Ayuda a proteger el esmalte dental 6.Ayuda a prevenir la acumulaci\u00f3n de placa 7.Ayuda a reducir el grosor y el enrojecimiento de las enc\u00edas 8.Promueve una limpieza profunda 9.Ayuda a proteger las \u00e1reas de dif\u00edcil acceso en la cavidad oral 10.Ayuda a preservar el estado de los implantes y restauraciones 11.Contiene vitamina E 12.No contiene gluten 13.No contiene fl\u00faor 14.Endulzado con xilitol 15.Sin colores, sabores ni edulcorantes artificiales  &nbsp;  Ingredientes:  &nbsp;  INGREDIENTES: Glicerina, s\u00edlice hidratada, sulfato de lauril s\u00f3dico, goma de celulosa, xilitol, extracto de tallo de la flor Melaleuca alternifolia (\u00e1rbol de t\u00e9), sacarina s\u00f3dica, aroma, metilparabeno, propilparabeno, citrato de potasio, CI 74260, hidroxiapatita, agua.  &nbsp;  INSTRUCCIONES DE USO: Cep\u00edllese los dientes, por lo menos, dos veces al d\u00eda. Visite a su dentista regularmente.  Precauciones: Mant\u00e9ngalo fuera del alcance de los ni\u00f1os. Los dientes sensibles pueden ser un indicativo de un problema grave que requiere la supervisi\u00f3n de un odont\u00f3logo. Los s\u00edntomas no desaparecer\u00e1n durante las primeras cuatro semanas de uso. En caso de una reacci\u00f3n adversa, consulte a un especialista inmediatamente. Evite la ingesta del producto.","og_url":"https:\/\/abriendoconciencias.com\/tienda\/es\/product\/restore-speed-whitening-nano-repair\/","og_site_name":"Tienda Abriendoconciencias.com","article_publisher":"https:\/\/www.facebook.com\/abriendoconcienciascom","article_modified_time":"2022-01-06T15:21:40+00:00","og_image":[{"width":414,"height":686,"url":"https:\/\/abriendoconciencias.com\/tienda\/wp-content\/uploads\/2021\/12\/restore.jpg","type":"image\/jpeg"}],"twitter_card":"summary_large_image","schema":{"@context":"https:\/\/schema.org","@graph":[{"@type":"WebPage","@id":"https:\/\/abriendoconciencias.com\/tienda\/es\/product\/restore-speed-whitening-nano-repair\/","url":"https:\/\/abriendoconciencias.com\/tienda\/es\/product\/restore-speed-whitening-nano-repair\/","name":"Restore Speed Whitening Nano Repair - Tienda Abriendoconciencias.com","isPartOf":{"@id":"https:\/\/abriendoconciencias.com\/tienda\/es\/#website"},"datePublished":"2021-12-31T15:23:42+00:00","dateModified":"2022-01-06T15:21:40+00:00","breadcrumb":{"@id":"https:\/\/abriendoconciencias.com\/tienda\/es\/product\/restore-speed-whitening-nano-repair\/#breadcrumb"},"inLanguage":"en-US","potentialAction":[{"@type":"ReadAction","target":["https:\/\/abriendoconciencias.com\/tienda\/es\/product\/restore-speed-whitening-nano-repair\/"]}]},{"@type":"BreadcrumbList","@id":"https:\/\/abriendoconciencias.com\/tienda\/es\/product\/restore-speed-whitening-nano-repair\/#breadcrumb","itemListElement":[{"@type":"ListItem","position":1,"name":"Home","item":"https:\/\/abriendoconciencias.com\/tienda\/es\/"},{"@type":"ListItem","position":2,"name":"Shop","item":"https:\/\/abriendoconciencias.com\/tienda\/shop\/"},{"@type":"ListItem","position":3,"name":"Restore Speed Whitening Nano Repair"}]},{"@type":"WebSite","@id":"https:\/\/abriendoconciencias.com\/tienda\/es\/#website","url":"https:\/\/abriendoconciencias.com\/tienda\/es\/","name":"Tienda Abriendoconciencias.com","description":"","publisher":{"@id":"https:\/\/abriendoconciencias.com\/tienda\/es\/#organization"},"potentialAction":[{"@type":"SearchAction","target":{"@type":"EntryPoint","urlTemplate":"https:\/\/abriendoconciencias.com\/tienda\/es\/?s={search_term_string}"},"query-input":"required name=search_term_string"}],"inLanguage":"en-US"},{"@type":"Organization","@id":"https:\/\/abriendoconciencias.com\/tienda\/es\/#organization","name":"Portal AbriendoConciencias.com","url":"https:\/\/abriendoconciencias.com\/tienda\/es\/","logo":{"@type":"ImageObject","inLanguage":"en-US","@id":"https:\/\/abriendoconciencias.com\/tienda\/es\/#\/schema\/logo\/image\/","url":"https:\/\/abriendoconciencias.com\/tienda\/wp-content\/uploads\/2021\/11\/logoflow.jpg","contentUrl":"https:\/\/abriendoconciencias.com\/tienda\/wp-content\/uploads\/2021\/11\/logoflow.jpg","width":1800,"height":900,"caption":"Portal AbriendoConciencias.com"},"image":{"@id":"https:\/\/abriendoconciencias.com\/tienda\/es\/#\/schema\/logo\/image\/"},"sameAs":["https:\/\/www.facebook.com\/abriendoconcienciascom","https:\/\/www.instagram.com\/abriendoconcienciascl\/"]}]}},"_links":{"self":[{"href":"https:\/\/abriendoconciencias.com\/tienda\/wp-json\/wp\/v2\/product\/523"}],"collection":[{"href":"https:\/\/abriendoconciencias.com\/tienda\/wp-json\/wp\/v2\/product"}],"about":[{"href":"https:\/\/abriendoconciencias.com\/tienda\/wp-json\/wp\/v2\/types\/product"}],"replies":[{"embeddable":true,"href":"https:\/\/abriendoconciencias.com\/tienda\/wp-json\/wp\/v2\/comments?post=523"}],"wp:featuredmedia":[{"embeddable":true,"href":"https:\/\/abriendoconciencias.com\/tienda\/wp-json\/wp\/v2\/media\/524"}],"wp:attachment":[{"href":"https:\/\/abriendoconciencias.com\/tienda\/wp-json\/wp\/v2\/media?parent=523"}],"curies":[{"name":"wp","href":"https:\/\/api.w.org\/{rel}","templated":true}]}}