{"id":541,"date":"2022-09-26T20:35:34","date_gmt":"2022-09-26T20:35:34","guid":{"rendered":"https:\/\/abriendoconciencias.com\/tienda\/?post_type=product&#038;p=541"},"modified":"2024-05-29T18:31:10","modified_gmt":"2024-05-29T18:31:10","slug":"oleovida","status":"publish","type":"product","link":"https:\/\/abriendoconciencias.com\/tienda\/es\/product\/oleovida\/","title":{"rendered":"Oleovida 200 ml"},"content":{"rendered":"<p>Aceite de Oliva Ozonizado.<\/p>\n<p>Todas las propiedades del Aceite de Oliva y el Ozono.<\/p>\n<p>Contenido 200 ml.<\/p>\n<p>El n\u00famero de trabajos sobre el uso del Ozono en medicina ha aumentando exponencialmente en los \u00faltimos a\u00f1os, motivado por los excelentes resultados que est\u00e1 obteniendo en varios campos m\u00e9dicos y est\u00e9ticos, por eso hoy la Dra. Tatiana Sosa nos cuenta m\u00e1s acerca de todos los beneficios del aceite de ozono para nuestra piel.<\/p>\n<p>Sirve para:<\/p>\n<div style=\"width: 1020px;\" class=\"wp-video\"><!--[if lt IE 9]><script>document.createElement('video');<\/script><![endif]-->\n<video class=\"wp-video-shortcode\" id=\"video-541-1\" width=\"1020\" height=\"574\" preload=\"metadata\" controls=\"controls\"><source type=\"video\/mp4\" src=\"https:\/\/abriendoconciencias.com\/tienda\/wp-content\/uploads\/2022\/09\/losbeneficiosDelOzonoPiel.mp4?_=1\" \/><a href=\"https:\/\/abriendoconciencias.com\/tienda\/wp-content\/uploads\/2022\/09\/losbeneficiosDelOzonoPiel.mp4\">https:\/\/abriendoconciencias.com\/tienda\/wp-content\/uploads\/2022\/09\/losbeneficiosDelOzonoPiel.mp4<\/a><\/video><\/div>\n<p>&nbsp;<\/p>\n<p>&nbsp;<\/p>\n<p>&nbsp;<\/p>\n<p><img decoding=\"async\" loading=\"lazy\" class=\"alignnone wp-image-597\" src=\"https:\/\/abriendoconciencias.com\/tienda\/wp-content\/uploads\/2022\/09\/oleovida-283x400.jpg\" alt=\"\" width=\"661\" height=\"934\" srcset=\"https:\/\/abriendoconciencias.com\/tienda\/wp-content\/uploads\/2022\/09\/oleovida-283x400.jpg 283w, https:\/\/abriendoconciencias.com\/tienda\/wp-content\/uploads\/2022\/09\/oleovida-510x721.jpg 510w, https:\/\/abriendoconciencias.com\/tienda\/wp-content\/uploads\/2022\/09\/oleovida-566x800.jpg 566w, https:\/\/abriendoconciencias.com\/tienda\/wp-content\/uploads\/2022\/09\/oleovida-768x1086.jpg 768w, https:\/\/abriendoconciencias.com\/tienda\/wp-content\/uploads\/2022\/09\/oleovida-1086x1536.jpg 1086w, https:\/\/abriendoconciencias.com\/tienda\/wp-content\/uploads\/2022\/09\/oleovida.jpg 1414w\" sizes=\"(max-width: 661px) 100vw, 661px\" \/><\/p>\n<p>&nbsp;<\/p>\n<p>&nbsp;<\/p>\n<p><img decoding=\"async\" loading=\"lazy\" class=\"alignnone size-full wp-image-667\" src=\"https:\/\/abriendoconciencias.com\/tienda\/wp-content\/uploads\/2022\/09\/Copia-de-Estrias-Aceite-Ozonizado.png\" alt=\"\" width=\"432\" height=\"279\" \/> <img decoding=\"async\" loading=\"lazy\" class=\"alignnone size-medium wp-image-669\" src=\"https:\/\/abriendoconciencias.com\/tienda\/wp-content\/uploads\/2022\/09\/Copia-de-belleza-Aceite-Ozonizado.png\" alt=\"\" width=\"432\" height=\"279\" \/> <img decoding=\"async\" loading=\"lazy\" class=\"alignnone size-medium wp-image-671\" src=\"https:\/\/abriendoconciencias.com\/tienda\/wp-content\/uploads\/2022\/09\/Copia-de-Aceite-Ozonizado-1.png\" alt=\"\" width=\"432\" height=\"279\" \/> <img decoding=\"async\" loading=\"lazy\" class=\"alignnone size-medium wp-image-673\" src=\"https:\/\/abriendoconciencias.com\/tienda\/wp-content\/uploads\/2022\/09\/aceiteOzonizadoOleovida.png\" alt=\"\" width=\"432\" height=\"279\" \/><\/p>\n<p>&nbsp;<\/p>\n","protected":false},"excerpt":{"rendered":"<p>Aceite de Oliva Ozonizado. Todas las propiedades del Aceite de Oliva y el Ozono. Contenido 200 ml. El n\u00famero de trabajos sobre el uso del Ozono en medicina ha aumentando exponencialmente en los \u00faltimos a\u00f1os, motivado por los excelentes resultados que est\u00e1 obteniendo en varios campos m\u00e9dicos y est\u00e9ticos, por eso hoy la Dra. Tatiana [&#8230;]\n","protected":false},"featured_media":595,"comment_status":"open","ping_status":"closed","template":"","meta":{"_monsterinsights_skip_tracking":false,"_monsterinsights_sitenote_active":false,"_monsterinsights_sitenote_note":"","_monsterinsights_sitenote_category":0},"yoast_head":"<!-- This site is optimized with the Yoast SEO plugin v20.8 - https:\/\/yoast.com\/wordpress\/plugins\/seo\/ -->\n<title>Oleovida 200 ml - Tienda Abriendoconciencias.com<\/title>\n<meta name=\"robots\" content=\"index, follow, max-snippet:-1, max-image-preview:large, max-video-preview:-1\" \/>\n<link rel=\"canonical\" href=\"https:\/\/abriendoconciencias.com\/tienda\/product\/oleovida\/\" \/>\n<meta property=\"og:locale\" content=\"en_US\" \/>\n<meta property=\"og:type\" content=\"article\" \/>\n<meta property=\"og:title\" content=\"Oleovida 200 ml - Tienda Abriendoconciencias.com\" \/>\n<meta property=\"og:description\" content=\"Aceite de Oliva Ozonizado. Todas las propiedades del Aceite de Oliva y el Ozono. Contenido 200 ml. El n\u00famero de trabajos sobre el uso del Ozono en medicina ha aumentando exponencialmente en los \u00faltimos a\u00f1os, motivado por los excelentes resultados que est\u00e1 obteniendo en varios campos m\u00e9dicos y est\u00e9ticos, por eso hoy la Dra. Tatiana [...]\" \/>\n<meta property=\"og:url\" content=\"https:\/\/abriendoconciencias.com\/tienda\/es\/product\/oleovida\/\" \/>\n<meta property=\"og:site_name\" content=\"Tienda Abriendoconciencias.com\" \/>\n<meta property=\"article:publisher\" content=\"https:\/\/www.facebook.com\/abriendoconcienciascom\" \/>\n<meta property=\"article:modified_time\" content=\"2024-05-29T18:31:10+00:00\" \/>\n<meta property=\"og:image\" content=\"https:\/\/abriendoconciencias.com\/tienda\/wp-content\/uploads\/2022\/09\/314024468_23853079142120705_93269987591881912_n.jpg\" \/>\n\t<meta property=\"og:image:width\" content=\"526\" \/>\n\t<meta property=\"og:image:height\" content=\"526\" \/>\n\t<meta property=\"og:image:type\" content=\"image\/jpeg\" \/>\n<meta name=\"twitter:card\" content=\"summary_large_image\" \/>\n<meta name=\"twitter:label1\" content=\"Est. reading time\" \/>\n\t<meta name=\"twitter:data1\" content=\"2 minutes\" \/>\n<script type=\"application\/ld+json\" class=\"yoast-schema-graph\">{\"@context\":\"https:\/\/schema.org\",\"@graph\":[{\"@type\":\"WebPage\",\"@id\":\"https:\/\/abriendoconciencias.com\/tienda\/es\/product\/oleovida\/\",\"url\":\"https:\/\/abriendoconciencias.com\/tienda\/es\/product\/oleovida\/\",\"name\":\"Oleovida 200 ml - Tienda Abriendoconciencias.com\",\"isPartOf\":{\"@id\":\"https:\/\/abriendoconciencias.com\/tienda\/es\/#website\"},\"datePublished\":\"2022-09-26T20:35:34+00:00\",\"dateModified\":\"2024-05-29T18:31:10+00:00\",\"breadcrumb\":{\"@id\":\"https:\/\/abriendoconciencias.com\/tienda\/es\/product\/oleovida\/#breadcrumb\"},\"inLanguage\":\"en-US\",\"potentialAction\":[{\"@type\":\"ReadAction\",\"target\":[\"https:\/\/abriendoconciencias.com\/tienda\/es\/product\/oleovida\/\"]}]},{\"@type\":\"BreadcrumbList\",\"@id\":\"https:\/\/abriendoconciencias.com\/tienda\/es\/product\/oleovida\/#breadcrumb\",\"itemListElement\":[{\"@type\":\"ListItem\",\"position\":1,\"name\":\"Home\",\"item\":\"https:\/\/abriendoconciencias.com\/tienda\/es\/\"},{\"@type\":\"ListItem\",\"position\":2,\"name\":\"Shop\",\"item\":\"https:\/\/abriendoconciencias.com\/tienda\/shop\/\"},{\"@type\":\"ListItem\",\"position\":3,\"name\":\"Oleovida 200 ml\"}]},{\"@type\":\"WebSite\",\"@id\":\"https:\/\/abriendoconciencias.com\/tienda\/es\/#website\",\"url\":\"https:\/\/abriendoconciencias.com\/tienda\/es\/\",\"name\":\"Tienda Abriendoconciencias.com\",\"description\":\"\",\"publisher\":{\"@id\":\"https:\/\/abriendoconciencias.com\/tienda\/es\/#organization\"},\"potentialAction\":[{\"@type\":\"SearchAction\",\"target\":{\"@type\":\"EntryPoint\",\"urlTemplate\":\"https:\/\/abriendoconciencias.com\/tienda\/es\/?s={search_term_string}\"},\"query-input\":\"required name=search_term_string\"}],\"inLanguage\":\"en-US\"},{\"@type\":\"Organization\",\"@id\":\"https:\/\/abriendoconciencias.com\/tienda\/es\/#organization\",\"name\":\"Portal AbriendoConciencias.com\",\"url\":\"https:\/\/abriendoconciencias.com\/tienda\/es\/\",\"logo\":{\"@type\":\"ImageObject\",\"inLanguage\":\"en-US\",\"@id\":\"https:\/\/abriendoconciencias.com\/tienda\/es\/#\/schema\/logo\/image\/\",\"url\":\"https:\/\/abriendoconciencias.com\/tienda\/wp-content\/uploads\/2021\/11\/logoflow.jpg\",\"contentUrl\":\"https:\/\/abriendoconciencias.com\/tienda\/wp-content\/uploads\/2021\/11\/logoflow.jpg\",\"width\":1800,\"height\":900,\"caption\":\"Portal AbriendoConciencias.com\"},\"image\":{\"@id\":\"https:\/\/abriendoconciencias.com\/tienda\/es\/#\/schema\/logo\/image\/\"},\"sameAs\":[\"https:\/\/www.facebook.com\/abriendoconcienciascom\",\"https:\/\/www.instagram.com\/abriendoconcienciascl\/\"]}]}<\/script>\n<!-- \/ Yoast SEO plugin. -->","yoast_head_json":{"title":"Oleovida 200 ml - Tienda Abriendoconciencias.com","robots":{"index":"index","follow":"follow","max-snippet":"max-snippet:-1","max-image-preview":"max-image-preview:large","max-video-preview":"max-video-preview:-1"},"canonical":"https:\/\/abriendoconciencias.com\/tienda\/product\/oleovida\/","og_locale":"en_US","og_type":"article","og_title":"Oleovida 200 ml - Tienda Abriendoconciencias.com","og_description":"Aceite de Oliva Ozonizado. Todas las propiedades del Aceite de Oliva y el Ozono. Contenido 200 ml. El n\u00famero de trabajos sobre el uso del Ozono en medicina ha aumentando exponencialmente en los \u00faltimos a\u00f1os, motivado por los excelentes resultados que est\u00e1 obteniendo en varios campos m\u00e9dicos y est\u00e9ticos, por eso hoy la Dra. Tatiana [...]","og_url":"https:\/\/abriendoconciencias.com\/tienda\/es\/product\/oleovida\/","og_site_name":"Tienda Abriendoconciencias.com","article_publisher":"https:\/\/www.facebook.com\/abriendoconcienciascom","article_modified_time":"2024-05-29T18:31:10+00:00","og_image":[{"width":526,"height":526,"url":"https:\/\/abriendoconciencias.com\/tienda\/wp-content\/uploads\/2022\/09\/314024468_23853079142120705_93269987591881912_n.jpg","type":"image\/jpeg"}],"twitter_card":"summary_large_image","twitter_misc":{"Est. reading time":"2 minutes"},"schema":{"@context":"https:\/\/schema.org","@graph":[{"@type":"WebPage","@id":"https:\/\/abriendoconciencias.com\/tienda\/es\/product\/oleovida\/","url":"https:\/\/abriendoconciencias.com\/tienda\/es\/product\/oleovida\/","name":"Oleovida 200 ml - Tienda Abriendoconciencias.com","isPartOf":{"@id":"https:\/\/abriendoconciencias.com\/tienda\/es\/#website"},"datePublished":"2022-09-26T20:35:34+00:00","dateModified":"2024-05-29T18:31:10+00:00","breadcrumb":{"@id":"https:\/\/abriendoconciencias.com\/tienda\/es\/product\/oleovida\/#breadcrumb"},"inLanguage":"en-US","potentialAction":[{"@type":"ReadAction","target":["https:\/\/abriendoconciencias.com\/tienda\/es\/product\/oleovida\/"]}]},{"@type":"BreadcrumbList","@id":"https:\/\/abriendoconciencias.com\/tienda\/es\/product\/oleovida\/#breadcrumb","itemListElement":[{"@type":"ListItem","position":1,"name":"Home","item":"https:\/\/abriendoconciencias.com\/tienda\/es\/"},{"@type":"ListItem","position":2,"name":"Shop","item":"https:\/\/abriendoconciencias.com\/tienda\/shop\/"},{"@type":"ListItem","position":3,"name":"Oleovida 200 ml"}]},{"@type":"WebSite","@id":"https:\/\/abriendoconciencias.com\/tienda\/es\/#website","url":"https:\/\/abriendoconciencias.com\/tienda\/es\/","name":"Tienda Abriendoconciencias.com","description":"","publisher":{"@id":"https:\/\/abriendoconciencias.com\/tienda\/es\/#organization"},"potentialAction":[{"@type":"SearchAction","target":{"@type":"EntryPoint","urlTemplate":"https:\/\/abriendoconciencias.com\/tienda\/es\/?s={search_term_string}"},"query-input":"required name=search_term_string"}],"inLanguage":"en-US"},{"@type":"Organization","@id":"https:\/\/abriendoconciencias.com\/tienda\/es\/#organization","name":"Portal AbriendoConciencias.com","url":"https:\/\/abriendoconciencias.com\/tienda\/es\/","logo":{"@type":"ImageObject","inLanguage":"en-US","@id":"https:\/\/abriendoconciencias.com\/tienda\/es\/#\/schema\/logo\/image\/","url":"https:\/\/abriendoconciencias.com\/tienda\/wp-content\/uploads\/2021\/11\/logoflow.jpg","contentUrl":"https:\/\/abriendoconciencias.com\/tienda\/wp-content\/uploads\/2021\/11\/logoflow.jpg","width":1800,"height":900,"caption":"Portal AbriendoConciencias.com"},"image":{"@id":"https:\/\/abriendoconciencias.com\/tienda\/es\/#\/schema\/logo\/image\/"},"sameAs":["https:\/\/www.facebook.com\/abriendoconcienciascom","https:\/\/www.instagram.com\/abriendoconcienciascl\/"]}]}},"_links":{"self":[{"href":"https:\/\/abriendoconciencias.com\/tienda\/wp-json\/wp\/v2\/product\/541"}],"collection":[{"href":"https:\/\/abriendoconciencias.com\/tienda\/wp-json\/wp\/v2\/product"}],"about":[{"href":"https:\/\/abriendoconciencias.com\/tienda\/wp-json\/wp\/v2\/types\/product"}],"replies":[{"embeddable":true,"href":"https:\/\/abriendoconciencias.com\/tienda\/wp-json\/wp\/v2\/comments?post=541"}],"wp:featuredmedia":[{"embeddable":true,"href":"https:\/\/abriendoconciencias.com\/tienda\/wp-json\/wp\/v2\/media\/595"}],"wp:attachment":[{"href":"https:\/\/abriendoconciencias.com\/tienda\/wp-json\/wp\/v2\/media?parent=541"}],"curies":[{"name":"wp","href":"https:\/\/api.w.org\/{rel}","templated":true}]}}