{"id":621,"date":"2023-06-22T20:03:08","date_gmt":"2023-06-22T20:03:08","guid":{"rendered":"https:\/\/abriendoconciencias.com\/tienda\/?post_type=product&#038;p=621"},"modified":"2024-11-10T12:39:19","modified_gmt":"2024-11-10T12:39:19","slug":"curcuma-en-polvo-230-g","status":"publish","type":"product","link":"https:\/\/abriendoconciencias.com\/tienda\/es\/product\/curcuma-en-polvo-230-g\/","title":{"rendered":"Curcuma en Polvo, 230 g"},"content":{"rendered":"<p>La c\u00farcuma, que corresponde a una ra\u00edz originaria de India, es el alimento antiinflamatorio por excelencia y muy utilizada en la gastronom\u00eda y medicina ayurv\u00e9dica. Producto en polvo de 230 gr, curcumina al 3%. Origen India. <b>mejorar la funci\u00f3n inmune con propiedades antioxidantes, antiinflamatorias, antivirales y antibacterianas<\/b>. La investigaci\u00f3n tambi\u00e9n ha demostrado que la c\u00farcuma act\u00faa como un modulador inmune, ayudando a regular la funci\u00f3n de las c\u00e9lulas inmunes contra el c\u00e1ncer<\/p>\n<p><iframe loading=\"lazy\" title=\"C\u00daRCUMA: Propiedades, beneficios y c\u00f3mo tomarla.\" width=\"1020\" height=\"574\" src=\"https:\/\/www.youtube.com\/embed\/sdoosBBKcGc?feature=oembed\" frameborder=\"0\" allow=\"accelerometer; autoplay; clipboard-write; encrypted-media; gyroscope; picture-in-picture; web-share\" allowfullscreen><\/iframe><\/p>\n","protected":false},"excerpt":{"rendered":"<p>La c\u00farcuma, que corresponde a una ra\u00edz originaria de India, es el alimento antiinflamatorio por excelencia y muy utilizada en la gastronom\u00eda y medicina ayurv\u00e9dica. Producto en polvo de 230 gr, curcumina al 3%. Origen India.<\/p>\n","protected":false},"featured_media":622,"comment_status":"open","ping_status":"closed","template":"","meta":{"_monsterinsights_skip_tracking":false,"_monsterinsights_sitenote_active":false,"_monsterinsights_sitenote_note":"","_monsterinsights_sitenote_category":0},"yoast_head":"<!-- This site is optimized with the Yoast SEO plugin v20.8 - https:\/\/yoast.com\/wordpress\/plugins\/seo\/ -->\n<title>Curcuma en Polvo, 230 g - Tienda Abriendoconciencias.com<\/title>\n<meta name=\"description\" content=\"La c\u00farcuma potenciador del sistema inmune, mejorar la funci\u00f3n inmune con propiedades antioxidantes, antiinflamatorias, antivirales y antibacterianas.\" \/>\n<meta name=\"robots\" content=\"index, follow, max-snippet:-1, max-image-preview:large, max-video-preview:-1\" \/>\n<link rel=\"canonical\" href=\"https:\/\/abriendoconciencias.com\/tienda\/product\/curcuma-en-polvo-230-g\/\" \/>\n<meta property=\"og:locale\" content=\"en_US\" \/>\n<meta property=\"og:type\" content=\"article\" \/>\n<meta property=\"og:title\" content=\"Curcuma en Polvo, 230 g - Tienda Abriendoconciencias.com\" \/>\n<meta property=\"og:description\" content=\"La c\u00farcuma potenciador del sistema inmune, mejorar la funci\u00f3n inmune con propiedades antioxidantes, antiinflamatorias, antivirales y antibacterianas.\" \/>\n<meta property=\"og:url\" content=\"https:\/\/abriendoconciencias.com\/tienda\/es\/product\/curcuma-en-polvo-230-g\/\" \/>\n<meta property=\"og:site_name\" content=\"Tienda Abriendoconciencias.com\" \/>\n<meta property=\"article:publisher\" content=\"https:\/\/www.facebook.com\/abriendoconcienciascom\" \/>\n<meta property=\"article:modified_time\" content=\"2024-11-10T12:39:19+00:00\" \/>\n<meta property=\"og:image\" content=\"https:\/\/abriendoconciencias.com\/tienda\/wp-content\/uploads\/2023\/06\/curcumaPolvo.jpg\" \/>\n\t<meta property=\"og:image:width\" content=\"635\" \/>\n\t<meta property=\"og:image:height\" content=\"810\" \/>\n\t<meta property=\"og:image:type\" content=\"image\/jpeg\" \/>\n<meta name=\"twitter:card\" content=\"summary_large_image\" \/>\n<meta name=\"twitter:label1\" content=\"Est. reading time\" \/>\n\t<meta name=\"twitter:data1\" content=\"1 minute\" \/>\n<script type=\"application\/ld+json\" class=\"yoast-schema-graph\">{\"@context\":\"https:\/\/schema.org\",\"@graph\":[{\"@type\":\"WebPage\",\"@id\":\"https:\/\/abriendoconciencias.com\/tienda\/es\/product\/curcuma-en-polvo-230-g\/\",\"url\":\"https:\/\/abriendoconciencias.com\/tienda\/es\/product\/curcuma-en-polvo-230-g\/\",\"name\":\"Curcuma en Polvo, 230 g - Tienda Abriendoconciencias.com\",\"isPartOf\":{\"@id\":\"https:\/\/abriendoconciencias.com\/tienda\/es\/#website\"},\"datePublished\":\"2023-06-22T20:03:08+00:00\",\"dateModified\":\"2024-11-10T12:39:19+00:00\",\"description\":\"La c\u00farcuma potenciador del sistema inmune, mejorar la funci\u00f3n inmune con propiedades antioxidantes, antiinflamatorias, antivirales y antibacterianas.\",\"breadcrumb\":{\"@id\":\"https:\/\/abriendoconciencias.com\/tienda\/es\/product\/curcuma-en-polvo-230-g\/#breadcrumb\"},\"inLanguage\":\"en-US\",\"potentialAction\":[{\"@type\":\"ReadAction\",\"target\":[\"https:\/\/abriendoconciencias.com\/tienda\/es\/product\/curcuma-en-polvo-230-g\/\"]}]},{\"@type\":\"BreadcrumbList\",\"@id\":\"https:\/\/abriendoconciencias.com\/tienda\/es\/product\/curcuma-en-polvo-230-g\/#breadcrumb\",\"itemListElement\":[{\"@type\":\"ListItem\",\"position\":1,\"name\":\"Home\",\"item\":\"https:\/\/abriendoconciencias.com\/tienda\/es\/\"},{\"@type\":\"ListItem\",\"position\":2,\"name\":\"Shop\",\"item\":\"https:\/\/abriendoconciencias.com\/tienda\/shop\/\"},{\"@type\":\"ListItem\",\"position\":3,\"name\":\"Curcuma en Polvo, 230 g\"}]},{\"@type\":\"WebSite\",\"@id\":\"https:\/\/abriendoconciencias.com\/tienda\/es\/#website\",\"url\":\"https:\/\/abriendoconciencias.com\/tienda\/es\/\",\"name\":\"Tienda Abriendoconciencias.com\",\"description\":\"\",\"publisher\":{\"@id\":\"https:\/\/abriendoconciencias.com\/tienda\/es\/#organization\"},\"potentialAction\":[{\"@type\":\"SearchAction\",\"target\":{\"@type\":\"EntryPoint\",\"urlTemplate\":\"https:\/\/abriendoconciencias.com\/tienda\/es\/?s={search_term_string}\"},\"query-input\":\"required name=search_term_string\"}],\"inLanguage\":\"en-US\"},{\"@type\":\"Organization\",\"@id\":\"https:\/\/abriendoconciencias.com\/tienda\/es\/#organization\",\"name\":\"Portal AbriendoConciencias.com\",\"url\":\"https:\/\/abriendoconciencias.com\/tienda\/es\/\",\"logo\":{\"@type\":\"ImageObject\",\"inLanguage\":\"en-US\",\"@id\":\"https:\/\/abriendoconciencias.com\/tienda\/es\/#\/schema\/logo\/image\/\",\"url\":\"https:\/\/abriendoconciencias.com\/tienda\/wp-content\/uploads\/2021\/11\/logoflow.jpg\",\"contentUrl\":\"https:\/\/abriendoconciencias.com\/tienda\/wp-content\/uploads\/2021\/11\/logoflow.jpg\",\"width\":1800,\"height\":900,\"caption\":\"Portal AbriendoConciencias.com\"},\"image\":{\"@id\":\"https:\/\/abriendoconciencias.com\/tienda\/es\/#\/schema\/logo\/image\/\"},\"sameAs\":[\"https:\/\/www.facebook.com\/abriendoconcienciascom\",\"https:\/\/www.instagram.com\/abriendoconcienciascl\/\"]}]}<\/script>\n<!-- \/ Yoast SEO plugin. -->","yoast_head_json":{"title":"Curcuma en Polvo, 230 g - Tienda Abriendoconciencias.com","description":"La c\u00farcuma potenciador del sistema inmune, mejorar la funci\u00f3n inmune con propiedades antioxidantes, antiinflamatorias, antivirales y antibacterianas.","robots":{"index":"index","follow":"follow","max-snippet":"max-snippet:-1","max-image-preview":"max-image-preview:large","max-video-preview":"max-video-preview:-1"},"canonical":"https:\/\/abriendoconciencias.com\/tienda\/product\/curcuma-en-polvo-230-g\/","og_locale":"en_US","og_type":"article","og_title":"Curcuma en Polvo, 230 g - Tienda Abriendoconciencias.com","og_description":"La c\u00farcuma potenciador del sistema inmune, mejorar la funci\u00f3n inmune con propiedades antioxidantes, antiinflamatorias, antivirales y antibacterianas.","og_url":"https:\/\/abriendoconciencias.com\/tienda\/es\/product\/curcuma-en-polvo-230-g\/","og_site_name":"Tienda Abriendoconciencias.com","article_publisher":"https:\/\/www.facebook.com\/abriendoconcienciascom","article_modified_time":"2024-11-10T12:39:19+00:00","og_image":[{"width":635,"height":810,"url":"https:\/\/abriendoconciencias.com\/tienda\/wp-content\/uploads\/2023\/06\/curcumaPolvo.jpg","type":"image\/jpeg"}],"twitter_card":"summary_large_image","twitter_misc":{"Est. reading time":"1 minute"},"schema":{"@context":"https:\/\/schema.org","@graph":[{"@type":"WebPage","@id":"https:\/\/abriendoconciencias.com\/tienda\/es\/product\/curcuma-en-polvo-230-g\/","url":"https:\/\/abriendoconciencias.com\/tienda\/es\/product\/curcuma-en-polvo-230-g\/","name":"Curcuma en Polvo, 230 g - Tienda Abriendoconciencias.com","isPartOf":{"@id":"https:\/\/abriendoconciencias.com\/tienda\/es\/#website"},"datePublished":"2023-06-22T20:03:08+00:00","dateModified":"2024-11-10T12:39:19+00:00","description":"La c\u00farcuma potenciador del sistema inmune, mejorar la funci\u00f3n inmune con propiedades antioxidantes, antiinflamatorias, antivirales y antibacterianas.","breadcrumb":{"@id":"https:\/\/abriendoconciencias.com\/tienda\/es\/product\/curcuma-en-polvo-230-g\/#breadcrumb"},"inLanguage":"en-US","potentialAction":[{"@type":"ReadAction","target":["https:\/\/abriendoconciencias.com\/tienda\/es\/product\/curcuma-en-polvo-230-g\/"]}]},{"@type":"BreadcrumbList","@id":"https:\/\/abriendoconciencias.com\/tienda\/es\/product\/curcuma-en-polvo-230-g\/#breadcrumb","itemListElement":[{"@type":"ListItem","position":1,"name":"Home","item":"https:\/\/abriendoconciencias.com\/tienda\/es\/"},{"@type":"ListItem","position":2,"name":"Shop","item":"https:\/\/abriendoconciencias.com\/tienda\/shop\/"},{"@type":"ListItem","position":3,"name":"Curcuma en Polvo, 230 g"}]},{"@type":"WebSite","@id":"https:\/\/abriendoconciencias.com\/tienda\/es\/#website","url":"https:\/\/abriendoconciencias.com\/tienda\/es\/","name":"Tienda Abriendoconciencias.com","description":"","publisher":{"@id":"https:\/\/abriendoconciencias.com\/tienda\/es\/#organization"},"potentialAction":[{"@type":"SearchAction","target":{"@type":"EntryPoint","urlTemplate":"https:\/\/abriendoconciencias.com\/tienda\/es\/?s={search_term_string}"},"query-input":"required name=search_term_string"}],"inLanguage":"en-US"},{"@type":"Organization","@id":"https:\/\/abriendoconciencias.com\/tienda\/es\/#organization","name":"Portal AbriendoConciencias.com","url":"https:\/\/abriendoconciencias.com\/tienda\/es\/","logo":{"@type":"ImageObject","inLanguage":"en-US","@id":"https:\/\/abriendoconciencias.com\/tienda\/es\/#\/schema\/logo\/image\/","url":"https:\/\/abriendoconciencias.com\/tienda\/wp-content\/uploads\/2021\/11\/logoflow.jpg","contentUrl":"https:\/\/abriendoconciencias.com\/tienda\/wp-content\/uploads\/2021\/11\/logoflow.jpg","width":1800,"height":900,"caption":"Portal AbriendoConciencias.com"},"image":{"@id":"https:\/\/abriendoconciencias.com\/tienda\/es\/#\/schema\/logo\/image\/"},"sameAs":["https:\/\/www.facebook.com\/abriendoconcienciascom","https:\/\/www.instagram.com\/abriendoconcienciascl\/"]}]}},"_links":{"self":[{"href":"https:\/\/abriendoconciencias.com\/tienda\/wp-json\/wp\/v2\/product\/621"}],"collection":[{"href":"https:\/\/abriendoconciencias.com\/tienda\/wp-json\/wp\/v2\/product"}],"about":[{"href":"https:\/\/abriendoconciencias.com\/tienda\/wp-json\/wp\/v2\/types\/product"}],"replies":[{"embeddable":true,"href":"https:\/\/abriendoconciencias.com\/tienda\/wp-json\/wp\/v2\/comments?post=621"}],"wp:featuredmedia":[{"embeddable":true,"href":"https:\/\/abriendoconciencias.com\/tienda\/wp-json\/wp\/v2\/media\/622"}],"wp:attachment":[{"href":"https:\/\/abriendoconciencias.com\/tienda\/wp-json\/wp\/v2\/media?parent=621"}],"curies":[{"name":"wp","href":"https:\/\/api.w.org\/{rel}","templated":true}]}}